{"id":853,"date":"2024-03-25T20:08:02","date_gmt":"2024-03-25T20:08:02","guid":{"rendered":"https:\/\/barbiana.net\/?page_id=853"},"modified":"2024-04-24T19:54:48","modified_gmt":"2024-04-24T19:54:48","slug":"t","status":"publish","type":"page","link":"https:\/\/barbiana.net\/?page_id=853","title":{"rendered":"Temps forts et Diffusion"},"content":{"rendered":"\t\t<div data-elementor-type=\"wp-page\" data-elementor-id=\"853\" class=\"elementor elementor-853\" data-elementor-post-type=\"page\">\n\t\t\t\t<div class=\"elementor-element elementor-element-02f1571 e-con-full e-flex e-con e-parent\" data-id=\"02f1571\" data-element_type=\"container\" data-settings=\"{&quot;background_background&quot;:&quot;classic&quot;}\" data-core-v316-plus=\"true\">\n\t\t<div class=\"elementor-element elementor-element-90a84e1 e-con-full e-flex e-con e-child\" data-id=\"90a84e1\" data-element_type=\"container\">\n\t\t\t\t<div class=\"elementor-element elementor-element-7b9473d animated-slow elementor-widget-mobile__width-initial elementor-invisible elementor-widget elementor-widget-heading\" data-id=\"7b9473d\" data-element_type=\"widget\" data-settings=\"{&quot;_animation&quot;:&quot;fadeIn&quot;}\" data-widget_type=\"heading.default\">\n\t\t\t\t<div class=\"elementor-widget-container\">\n\t\t\t<style>\/*! elementor - v3.20.0 - 11-03-2024 *\/\n.elementor-heading-title{padding:0;margin:0;line-height:1}.elementor-widget-heading .elementor-heading-title[class*=elementor-size-]>a{color:inherit;font-size:inherit;line-height:inherit}.elementor-widget-heading .elementor-heading-title.elementor-size-small{font-size:15px}.elementor-widget-heading .elementor-heading-title.elementor-size-medium{font-size:19px}.elementor-widget-heading .elementor-heading-title.elementor-size-large{font-size:29px}.elementor-widget-heading .elementor-heading-title.elementor-size-xl{font-size:39px}.elementor-widget-heading .elementor-heading-title.elementor-size-xxl{font-size:59px}<\/style><h2 class=\"elementor-heading-title elementor-size-default\">Temps forts et Diffusion<\/h2>\t\t<\/div>\n\t\t\t\t<\/div>\n\t\t\t\t<\/div>\n\t\t\t\t<\/div>\n\t\t<div class=\"elementor-element elementor-element-f5a03f2 e-con-full e-flex e-con e-parent\" data-id=\"f5a03f2\" data-element_type=\"container\" data-settings=\"{&quot;background_background&quot;:&quot;classic&quot;}\" data-core-v316-plus=\"true\">\n\t\t\t\t<div class=\"elementor-element elementor-element-d2a8f07 elementor-widget elementor-widget-image\" data-id=\"d2a8f07\" data-element_type=\"widget\" data-widget_type=\"image.default\">\n\t\t\t\t<div class=\"elementor-widget-container\">\n\t\t\t<style>\/*! elementor - v3.20.0 - 11-03-2024 *\/\n.elementor-widget-image{text-align:center}.elementor-widget-image a{display:inline-block}.elementor-widget-image a img[src$=\".svg\"]{width:48px}.elementor-widget-image img{vertical-align:middle;display:inline-block}<\/style>\t\t\t\t\t\t\t\t\t\t<img fetchpriority=\"high\" decoding=\"async\" width=\"1927\" height=\"136\" src=\"https:\/\/barbiana.net\/wp-content\/uploads\/2024\/03\/Subtract-1.svg\" class=\"attachment-full size-full wp-image-484\" alt=\"Subtract\" \/>\t\t\t\t\t\t\t\t\t\t\t\t\t<\/div>\n\t\t\t\t<\/div>\n\t\t\t\t<\/div>\n\t\t<div class=\"elementor-element elementor-element-e5bf4a0 e-flex e-con-boxed e-con e-parent\" data-id=\"e5bf4a0\" data-element_type=\"container\" data-settings=\"{&quot;background_background&quot;:&quot;classic&quot;}\" data-core-v316-plus=\"true\">\n\t\t\t\t\t<div class=\"e-con-inner\">\n\t\t<div class=\"elementor-element elementor-element-fed3bb7 e-flex e-con-boxed e-con e-child\" data-id=\"fed3bb7\" data-element_type=\"container\">\n\t\t\t\t\t<div class=\"e-con-inner\">\n\t\t\t\t<div class=\"elementor-element elementor-element-912d351 animated-slow elementor-invisible elementor-widget elementor-widget-heading\" data-id=\"912d351\" data-element_type=\"widget\" data-settings=\"{&quot;_animation&quot;:&quot;fadeIn&quot;}\" data-widget_type=\"heading.default\">\n\t\t\t\t<div class=\"elementor-widget-container\">\n\t\t\t<h2 class=\"elementor-heading-title elementor-size-default\">Bozza \"Parc aux artistes\"<\/h2>\t\t<\/div>\n\t\t\t\t<\/div>\n\t\t<div class=\"elementor-element elementor-element-9f8463e e-flex e-con-boxed e-con e-child\" data-id=\"9f8463e\" data-element_type=\"container\">\n\t\t\t\t\t<div class=\"e-con-inner\">\n\t\t\t\t<div class=\"elementor-element elementor-element-cad1af8 animated-slow elementor-invisible elementor-widget elementor-widget-text-editor\" data-id=\"cad1af8\" data-element_type=\"widget\" data-settings=\"{&quot;_animation&quot;:&quot;fadeInLeft&quot;,&quot;_animation_delay&quot;:400,&quot;_animation_mobile&quot;:&quot;fadeIn&quot;}\" data-widget_type=\"text-editor.default\">\n\t\t\t\t<div class=\"elementor-widget-container\">\n\t\t\t<style>\/*! elementor - v3.20.0 - 11-03-2024 *\/\n.elementor-widget-text-editor.elementor-drop-cap-view-stacked .elementor-drop-cap{background-color:#69727d;color:#fff}.elementor-widget-text-editor.elementor-drop-cap-view-framed .elementor-drop-cap{color:#69727d;border:3px solid;background-color:transparent}.elementor-widget-text-editor:not(.elementor-drop-cap-view-default) .elementor-drop-cap{margin-top:8px}.elementor-widget-text-editor:not(.elementor-drop-cap-view-default) .elementor-drop-cap-letter{width:1em;height:1em}.elementor-widget-text-editor .elementor-drop-cap{float:left;text-align:center;line-height:1;font-size:50px}.elementor-widget-text-editor .elementor-drop-cap-letter{display:inline-block}<\/style>\t\t\t\t<p class=\"p1\">Le \u00ab\u00a0Bozza, Parc aux artistes a \u00e9t\u00e9 organis\u00e9 les 19, 20 et 21 ao\u00fbt 2022 au ch\u00e2teau d&rsquo;Havr\u00e9, dans la r\u00e9gion de Mons.<\/p><p class=\"p1\">Le projet a \u00e9t\u00e9 de construire une forme originale qui puisse accueillir et nourrir la rencontre du public avec les artistes. Cette rencontre a \u00e9t\u00e9 encadr\u00e9e par un concept sc\u00e9nographique et d\u2019am\u00e9nagement de l\u2019espace, veillant \u00e0 la mise en \u00e9vidence de l\u2019architecture et des espaces verts du lieu. L&rsquo;enjeu a \u00e9t\u00e9 de permettre \u00e0 des artistes de se produire et d&rsquo;\u00e9changer avec les citoyens mis \u00e0 mal par la crise sanitaire de ces derni\u00e8res ann\u00e9es. Nous avons propos\u00e9, le temps d&rsquo;un week-end, de faire circuler les mots, les musiques et les corps entre les artistes et les publics. Il \u00e9tait question de m\u00e9langer les genres, les cultures, les g\u00e9n\u00e9rations et les disciplines artistiques. Le tout en engageant une majorit\u00e9 de jeunes dans le processus, au sein de l&rsquo;\u00e9quipe organisationnel et technique, d\u2019abord, mais aussi par les artistes invit\u00e9s.<\/p>\t\t\t\t\t\t<\/div>\n\t\t\t\t<\/div>\n\t\t\t\t<div class=\"elementor-element elementor-element-f0a04b4 elementor-widget elementor-widget-toggle\" data-id=\"f0a04b4\" data-element_type=\"widget\" data-widget_type=\"toggle.default\">\n\t\t\t\t<div class=\"elementor-widget-container\">\n\t\t\t<style>\/*! elementor - v3.20.0 - 11-03-2024 *\/\n.elementor-toggle{text-align:left}.elementor-toggle .elementor-tab-title{font-weight:700;line-height:1;margin:0;padding:15px;border-bottom:1px solid #d5d8dc;cursor:pointer;outline:none}.elementor-toggle .elementor-tab-title .elementor-toggle-icon{display:inline-block;width:1em}.elementor-toggle .elementor-tab-title .elementor-toggle-icon svg{margin-inline-start:-5px;width:1em;height:1em}.elementor-toggle .elementor-tab-title .elementor-toggle-icon.elementor-toggle-icon-right{float:right;text-align:right}.elementor-toggle .elementor-tab-title .elementor-toggle-icon.elementor-toggle-icon-left{float:left;text-align:left}.elementor-toggle .elementor-tab-title .elementor-toggle-icon .elementor-toggle-icon-closed{display:block}.elementor-toggle .elementor-tab-title .elementor-toggle-icon .elementor-toggle-icon-opened{display:none}.elementor-toggle .elementor-tab-title.elementor-active{border-bottom:none}.elementor-toggle .elementor-tab-title.elementor-active .elementor-toggle-icon-closed{display:none}.elementor-toggle .elementor-tab-title.elementor-active .elementor-toggle-icon-opened{display:block}.elementor-toggle .elementor-tab-content{padding:15px;border-bottom:1px solid #d5d8dc;display:none}@media (max-width:767px){.elementor-toggle .elementor-tab-title{padding:12px}.elementor-toggle .elementor-tab-content{padding:12px 10px}}.e-con-inner>.elementor-widget-toggle,.e-con>.elementor-widget-toggle{width:var(--container-widget-width);--flex-grow:var(--container-widget-flex-grow)}<\/style>\t\t<div class=\"elementor-toggle\">\n\t\t\t\t\t\t\t<div class=\"elementor-toggle-item\">\n\t\t\t\t\t<div id=\"elementor-tab-title-2521\" class=\"elementor-tab-title\" data-tab=\"1\" role=\"button\" aria-controls=\"elementor-tab-content-2521\" aria-expanded=\"false\">\n\t\t\t\t\t\t\t\t\t\t\t\t<span class=\"elementor-toggle-icon elementor-toggle-icon-left\" aria-hidden=\"true\">\n\t\t\t\t\t\t\t\t\t\t\t\t\t\t\t<span class=\"elementor-toggle-icon-closed\"><svg xmlns=\"http:\/\/www.w3.org\/2000\/svg\" width=\"36\" height=\"15\" viewBox=\"0 0 36 15\" fill=\"none\"><path d=\"M34.8262 8.23542C35.2168 7.8449 35.2168 7.21173 34.8262 6.82121L28.4623 0.45725C28.0718 0.0667261 27.4386 0.0667262 27.0481 0.457251C26.6575 0.847775 26.6575 1.48094 27.0481 1.87146L32.7049 7.52832L27.0481 13.1852C26.6575 13.5757 26.6575 14.2089 27.0481 14.5994C27.4386 14.9899 28.0718 14.9899 28.4623 14.5994L34.8262 8.23542ZM0.498047 8.52832L34.1191 8.52832L34.1191 6.52832L0.498047 6.52832L0.498047 8.52832Z\" fill=\"#FFA800\"><\/path><\/svg><\/span>\n\t\t\t\t\t\t\t\t<span class=\"elementor-toggle-icon-opened\"><svg xmlns=\"http:\/\/www.w3.org\/2000\/svg\" width=\"15\" height=\"36\" viewBox=\"0 0 15 36\" fill=\"none\"><path d=\"M8.20515 1.01067C7.81463 0.620146 7.18146 0.620146 6.79094 1.01067L0.42698 7.37463C0.0364555 7.76515 0.0364554 8.39832 0.42698 8.78884C0.817504 9.17937 1.45067 9.17937 1.84119 8.78884L7.49805 3.13199L13.1549 8.78884C13.5454 9.17937 14.1786 9.17937 14.5691 8.78884C14.9596 8.39832 14.9596 7.76515 14.5691 7.37463L8.20515 1.01067ZM8.49805 35.3389L8.49805 1.71778L6.49805 1.71778L6.49805 35.3389L8.49805 35.3389Z\" fill=\"#FFA800\"><\/path><\/svg><\/span>\n\t\t\t\t\t\t\t\t\t\t\t\t\t<\/span>\n\t\t\t\t\t\t\t\t\t\t\t\t<a class=\"elementor-toggle-title\" tabindex=\"0\">En savoir plus<\/a>\n\t\t\t\t\t<\/div>\n\n\t\t\t\t\t<div id=\"elementor-tab-content-2521\" class=\"elementor-tab-content elementor-clearfix\" data-tab=\"1\" role=\"region\" aria-labelledby=\"elementor-tab-title-2521\"><p class=\"p1\"><span class=\"s1\">Le festival<\/span> s\u2019est d\u00e9roul\u00e9 sur 3 jours avec une programmation riche de diverses disciplines<span class=\"Apple-converted-space\">\u00a0 <\/span>: une conf\u00e9rence gesticul\u00e9e, une sc\u00e8ne ouverte, trois concerts de musique, une fanfare musicale, deux spectacles de danse et de th\u00e9\u00e2tre, un spectacle de th\u00e9\u00e2tre clownesque, un spectacle d\u00e9ambulatoire de th\u00e9\u00e2tre action et une exposition d&rsquo;artistes peintres et d&rsquo;un sculpteur<\/p><p class=\"p1\">Nous avons accueilli plus de 40 artistes et avons touch\u00e9 pr\u00e8s de 600 spectateurs.<\/p><p class=\"p1\">Avec le soutien de la R\u00e9gion Wallonne et Start\u2019Invest.<\/p><p>Aftermovie: https:\/\/www.instagram.com\/reel\/ClqR_jdDI1h\/<\/p><\/div>\n\t\t\t\t<\/div>\n\t\t\t\t\t\t\t\t<\/div>\n\t\t\t\t<\/div>\n\t\t\t\t<\/div>\n\t\t\t\t\t<\/div>\n\t\t\t\t<\/div>\n\t\t\t\t\t<\/div>\n\t\t\t\t<\/div>\n\t\t<div class=\"elementor-element elementor-element-4ed192e e-flex e-con-boxed e-con e-child\" data-id=\"4ed192e\" data-element_type=\"container\">\n\t\t\t\t\t<div class=\"e-con-inner\">\n\t\t\t\t<div class=\"elementor-element elementor-element-a50d103 elementor-widget elementor-widget-image\" data-id=\"a50d103\" data-element_type=\"widget\" data-widget_type=\"image.default\">\n\t\t\t\t<div class=\"elementor-widget-container\">\n\t\t\t\t\t\t\t\t\t\t\t\t\t<img decoding=\"async\" src=\"https:\/\/barbiana.net\/wp-content\/uploads\/2024\/03\/Cover_Bozza_F1-e1711397127122.png\" title=\"Cover_Bozza_F(1)\" alt=\"Cover_Bozza_F(1)\" loading=\"lazy\" \/>\t\t\t\t\t\t\t\t\t\t\t\t\t<\/div>\n\t\t\t\t<\/div>\n\t\t\t\t\t<\/div>\n\t\t\t\t<\/div>\n\t\t\t\t\t<\/div>\n\t\t\t\t<\/div>\n\t\t<div class=\"elementor-element elementor-element-692b048 e-flex e-con-boxed e-con e-parent\" data-id=\"692b048\" data-element_type=\"container\" data-core-v316-plus=\"true\">\n\t\t\t\t\t<div class=\"e-con-inner\">\n\t\t<div class=\"elementor-element elementor-element-c6f64de e-flex e-con-boxed e-con e-child\" data-id=\"c6f64de\" data-element_type=\"container\">\n\t\t\t\t\t<div class=\"e-con-inner\">\n\t\t\t\t<div class=\"elementor-element elementor-element-a4bf8e1 animated-slow elementor-invisible elementor-widget elementor-widget-heading\" data-id=\"a4bf8e1\" data-element_type=\"widget\" data-settings=\"{&quot;_animation&quot;:&quot;fadeIn&quot;}\" data-widget_type=\"heading.default\">\n\t\t\t\t<div class=\"elementor-widget-container\">\n\t\t\t<h2 class=\"elementor-heading-title elementor-size-default\">Souk<\/h2>\t\t<\/div>\n\t\t\t\t<\/div>\n\t\t<div class=\"elementor-element elementor-element-5fee7e7 e-flex e-con-boxed e-con e-child\" data-id=\"5fee7e7\" data-element_type=\"container\">\n\t\t\t\t\t<div class=\"e-con-inner\">\n\t\t\t\t<div class=\"elementor-element elementor-element-b7046a9 animated-slow elementor-invisible elementor-widget elementor-widget-text-editor\" data-id=\"b7046a9\" data-element_type=\"widget\" data-settings=\"{&quot;_animation&quot;:&quot;fadeInRight&quot;,&quot;_animation_delay&quot;:400,&quot;_animation_mobile&quot;:&quot;fadeIn&quot;}\" data-widget_type=\"text-editor.default\">\n\t\t\t\t<div class=\"elementor-widget-container\">\n\t\t\t\t\t\t\t<p class=\"p1\"><span class=\"s1\">Souk est<span class=\"Apple-converted-space\">\u00a0 <\/span>un festival pluridisciplinaire<span class=\"Apple-converted-space\">\u00a0 <\/span>alternatif bas\u00e9 sur le recyclage, l\u2019environement et la collectivit\u00e9.<\/span><\/p><p class=\"p1\"><span class=\"s1\">Il s\u2019est d\u00e9roul\u00e9 durant trois jours en mai 2019.<\/span><\/p><p class=\"p1\"><span class=\"s1\">Cet \u00e9v\u00e9nement a accueilli plusieurs activit\u00e9s<span class=\"Apple-converted-space\">\u00a0 <\/span>: l\u2019art plastique, de la musique live, graphitis, un march\u00e9 de cr\u00e9ateur et plusieurs ateliers cr\u00e9atifs.<\/span><\/p>\t\t\t\t\t\t<\/div>\n\t\t\t\t<\/div>\n\t\t\t\t<div class=\"elementor-element elementor-element-99ade8e elementor-widget elementor-widget-toggle\" data-id=\"99ade8e\" data-element_type=\"widget\" data-widget_type=\"toggle.default\">\n\t\t\t\t<div class=\"elementor-widget-container\">\n\t\t\t\t\t<div class=\"elementor-toggle\">\n\t\t\t\t\t\t\t<div class=\"elementor-toggle-item\">\n\t\t\t\t\t<div id=\"elementor-tab-title-1611\" class=\"elementor-tab-title\" data-tab=\"1\" role=\"button\" aria-controls=\"elementor-tab-content-1611\" aria-expanded=\"false\">\n\t\t\t\t\t\t\t\t\t\t\t\t<span class=\"elementor-toggle-icon elementor-toggle-icon-left\" aria-hidden=\"true\">\n\t\t\t\t\t\t\t\t\t\t\t\t\t\t\t<span class=\"elementor-toggle-icon-closed\"><svg xmlns=\"http:\/\/www.w3.org\/2000\/svg\" width=\"36\" height=\"15\" viewBox=\"0 0 36 15\" fill=\"none\"><path d=\"M34.8262 8.23542C35.2168 7.8449 35.2168 7.21173 34.8262 6.82121L28.4623 0.45725C28.0718 0.0667261 27.4386 0.0667262 27.0481 0.457251C26.6575 0.847775 26.6575 1.48094 27.0481 1.87146L32.7049 7.52832L27.0481 13.1852C26.6575 13.5757 26.6575 14.2089 27.0481 14.5994C27.4386 14.9899 28.0718 14.9899 28.4623 14.5994L34.8262 8.23542ZM0.498047 8.52832L34.1191 8.52832L34.1191 6.52832L0.498047 6.52832L0.498047 8.52832Z\" fill=\"#FFA800\"><\/path><\/svg><\/span>\n\t\t\t\t\t\t\t\t<span class=\"elementor-toggle-icon-opened\"><svg xmlns=\"http:\/\/www.w3.org\/2000\/svg\" width=\"15\" height=\"36\" viewBox=\"0 0 15 36\" fill=\"none\"><path d=\"M8.20515 1.01067C7.81463 0.620146 7.18146 0.620146 6.79094 1.01067L0.42698 7.37463C0.0364555 7.76515 0.0364554 8.39832 0.42698 8.78884C0.817504 9.17937 1.45067 9.17937 1.84119 8.78884L7.49805 3.13199L13.1549 8.78884C13.5454 9.17937 14.1786 9.17937 14.5691 8.78884C14.9596 8.39832 14.9596 7.76515 14.5691 7.37463L8.20515 1.01067ZM8.49805 35.3389L8.49805 1.71778L6.49805 1.71778L6.49805 35.3389L8.49805 35.3389Z\" fill=\"#FFA800\"><\/path><\/svg><\/span>\n\t\t\t\t\t\t\t\t\t\t\t\t\t<\/span>\n\t\t\t\t\t\t\t\t\t\t\t\t<a class=\"elementor-toggle-title\" tabindex=\"0\">En savoir plus<\/a>\n\t\t\t\t\t<\/div>\n\n\t\t\t\t\t<div id=\"elementor-tab-content-1611\" class=\"elementor-tab-content elementor-clearfix\" data-tab=\"1\" role=\"region\" aria-labelledby=\"elementor-tab-title-1611\"><p class=\"p1\"><span class=\"s1\">Il a \u00e9t\u00e9 mis en place<span class=\"Apple-converted-space\">\u00a0 <\/span>par Zaccaria Covino, Pascal Mayeur et Berreki.\u00a0<\/span><\/p><p>En partenariat avec l\u2019Ecole sup\u00e9rieure des Art Mons.<\/p><\/div>\n\t\t\t\t<\/div>\n\t\t\t\t\t\t\t\t<\/div>\n\t\t\t\t<\/div>\n\t\t\t\t<\/div>\n\t\t\t\t\t<\/div>\n\t\t\t\t<\/div>\n\t\t\t\t\t<\/div>\n\t\t\t\t<\/div>\n\t\t<div class=\"elementor-element elementor-element-bda4c52 e-con-full e-flex e-con e-child\" data-id=\"bda4c52\" data-element_type=\"container\">\n\t\t\t\t<div class=\"elementor-element elementor-element-563544e elementor-widget elementor-widget-image\" data-id=\"563544e\" data-element_type=\"widget\" data-widget_type=\"image.default\">\n\t\t\t\t<div class=\"elementor-widget-container\">\n\t\t\t\t\t\t\t\t\t\t\t\t\t<img decoding=\"async\" width=\"171\" height=\"256\" src=\"https:\/\/barbiana.net\/wp-content\/uploads\/2024\/03\/souk.jpeg\" class=\"attachment-large size-large wp-image-604\" alt=\"\" \/>\t\t\t\t\t\t\t\t\t\t\t\t\t<\/div>\n\t\t\t\t<\/div>\n\t\t\t\t<\/div>\n\t\t\t\t\t<\/div>\n\t\t\t\t<\/div>\n\t\t\t\t<\/div>\n\t\t","protected":false},"excerpt":{"rendered":"<p>Temps forts et Diffusion Bozza \u00ab\u00a0Parc aux artistes\u00a0\u00bb Le \u00ab\u00a0Bozza, Parc aux artistes a \u00e9t\u00e9 organis\u00e9 les 19, 20 et 21 ao\u00fbt 2022 au ch\u00e2teau d&rsquo;Havr\u00e9, dans la r\u00e9gion de Mons. Le projet a \u00e9t\u00e9 de construire une forme originale qui puisse accueillir et nourrir la rencontre du public avec les artistes. Cette rencontre a [&hellip;]<\/p>\n","protected":false},"author":1,"featured_media":0,"parent":0,"menu_order":0,"comment_status":"closed","ping_status":"closed","template":"","meta":{"footnotes":""},"class_list":["post-853","page","type-page","status-publish","hentry"],"_links":{"self":[{"href":"https:\/\/barbiana.net\/index.php?rest_route=\/wp\/v2\/pages\/853","targetHints":{"allow":["GET"]}}],"collection":[{"href":"https:\/\/barbiana.net\/index.php?rest_route=\/wp\/v2\/pages"}],"about":[{"href":"https:\/\/barbiana.net\/index.php?rest_route=\/wp\/v2\/types\/page"}],"author":[{"embeddable":true,"href":"https:\/\/barbiana.net\/index.php?rest_route=\/wp\/v2\/users\/1"}],"replies":[{"embeddable":true,"href":"https:\/\/barbiana.net\/index.php?rest_route=%2Fwp%2Fv2%2Fcomments&post=853"}],"version-history":[{"count":48,"href":"https:\/\/barbiana.net\/index.php?rest_route=\/wp\/v2\/pages\/853\/revisions"}],"predecessor-version":[{"id":1080,"href":"https:\/\/barbiana.net\/index.php?rest_route=\/wp\/v2\/pages\/853\/revisions\/1080"}],"wp:attachment":[{"href":"https:\/\/barbiana.net\/index.php?rest_route=%2Fwp%2Fv2%2Fmedia&parent=853"}],"curies":[{"name":"wp","href":"https:\/\/api.w.org\/{rel}","templated":true}]}}